{"id":306,"date":"2015-06-23T18:00:12","date_gmt":"2015-06-23T18:00:12","guid":{"rendered":"http:\/\/www.myheartguide.org\/es\/?page_id=306"},"modified":"2015-08-06T15:24:36","modified_gmt":"2015-08-06T15:24:36","slug":"about-mended-hearts","status":"publish","type":"page","link":"http:\/\/www.myheartguide.org\/es\/about-mended-hearts\/","title":{"rendered":"Acerca de Mended Hearts"},"content":{"rendered":"","protected":false},"excerpt":{"rendered":"<p>La comunicaci\u00f3n es clave para acoplarse despu\u00e9s del diagn\u00f3stico, tratamiento o cirug\u00eda por enfermedad card\u00edaca. Su oficina local de Mended Hearts realiza reuniones regulares del grupo de apoyo, donde los pacientes card\u00edacos y las familias se apoyan entre s\u00ed.&hellip; <a class=\"read-more\" href=\"http:\/\/www.myheartguide.org\/es\/about-mended-hearts\/\">Read More<\/a><\/p>\n","protected":false},"author":1,"featured_media":0,"parent":0,"menu_order":0,"comment_status":"open","ping_status":"open","template":"page-about-mended-hearts.php","meta":{"_acf_changed":false,"footnotes":""},"class_list":["post-306","page","type-page","status-publish","hentry"],"acf":[],"jetpack_sharing_enabled":true,"_links":{"self":[{"href":"http:\/\/www.myheartguide.org\/es\/wp-json\/wp\/v2\/pages\/306","targetHints":{"allow":["GET"]}}],"collection":[{"href":"http:\/\/www.myheartguide.org\/es\/wp-json\/wp\/v2\/pages"}],"about":[{"href":"http:\/\/www.myheartguide.org\/es\/wp-json\/wp\/v2\/types\/page"}],"author":[{"embeddable":true,"href":"http:\/\/www.myheartguide.org\/es\/wp-json\/wp\/v2\/users\/1"}],"replies":[{"embeddable":true,"href":"http:\/\/www.myheartguide.org\/es\/wp-json\/wp\/v2\/comments?post=306"}],"version-history":[{"count":10,"href":"http:\/\/www.myheartguide.org\/es\/wp-json\/wp\/v2\/pages\/306\/revisions"}],"predecessor-version":[{"id":437,"href":"http:\/\/www.myheartguide.org\/es\/wp-json\/wp\/v2\/pages\/306\/revisions\/437"}],"wp:attachment":[{"href":"http:\/\/www.myheartguide.org\/es\/wp-json\/wp\/v2\/media?parent=306"}],"curies":[{"name":"wp","href":"https:\/\/api.w.org\/{rel}","templated":true}]}}