{"id":189,"date":"2015-06-13T17:01:20","date_gmt":"2015-06-13T17:01:20","guid":{"rendered":"http:\/\/www.myheartguide.org\/es\/?page_id=189"},"modified":"2015-10-28T15:29:03","modified_gmt":"2015-10-28T15:29:03","slug":"medicines-3","status":"publish","type":"page","link":"http:\/\/www.myheartguide.org\/es\/medicines-3\/","title":{"rendered":"Medicamentos &#8211; pg. 3"},"content":{"rendered":"","protected":false},"excerpt":{"rendered":"<p>Seamos realistas: los medicamentos para el coraz\u00f3n pueden ser costosos. Esta es una raz\u00f3n com\u00fan por la cual muchas personas no los toman como se les indica. La buena noticia es que puede haber ayuda disponible.&hellip; <a class=\"read-more\" href=\"http:\/\/www.myheartguide.org\/es\/medicines-3\/\">Read More<\/a><\/p>\n","protected":false},"author":1,"featured_media":0,"parent":0,"menu_order":0,"comment_status":"open","ping_status":"open","template":"page-medicines.php","meta":{"_acf_changed":false,"footnotes":""},"class_list":["post-189","page","type-page","status-publish","hentry"],"acf":[],"jetpack_sharing_enabled":true,"_links":{"self":[{"href":"http:\/\/www.myheartguide.org\/es\/wp-json\/wp\/v2\/pages\/189","targetHints":{"allow":["GET"]}}],"collection":[{"href":"http:\/\/www.myheartguide.org\/es\/wp-json\/wp\/v2\/pages"}],"about":[{"href":"http:\/\/www.myheartguide.org\/es\/wp-json\/wp\/v2\/types\/page"}],"author":[{"embeddable":true,"href":"http:\/\/www.myheartguide.org\/es\/wp-json\/wp\/v2\/users\/1"}],"replies":[{"embeddable":true,"href":"http:\/\/www.myheartguide.org\/es\/wp-json\/wp\/v2\/comments?post=189"}],"version-history":[{"count":10,"href":"http:\/\/www.myheartguide.org\/es\/wp-json\/wp\/v2\/pages\/189\/revisions"}],"predecessor-version":[{"id":452,"href":"http:\/\/www.myheartguide.org\/es\/wp-json\/wp\/v2\/pages\/189\/revisions\/452"}],"wp:attachment":[{"href":"http:\/\/www.myheartguide.org\/es\/wp-json\/wp\/v2\/media?parent=189"}],"curies":[{"name":"wp","href":"https:\/\/api.w.org\/{rel}","templated":true}]}}