{"id":183,"date":"2015-06-13T16:54:42","date_gmt":"2015-06-13T16:54:42","guid":{"rendered":"http:\/\/www.myheartguide.org\/es\/?page_id=183"},"modified":"2015-08-06T15:31:51","modified_gmt":"2015-08-06T15:31:51","slug":"medicines-2","status":"publish","type":"page","link":"http:\/\/www.myheartguide.org\/es\/medicines-2\/","title":{"rendered":"Medicamentos &#8211; pg. 2"},"content":{"rendered":"","protected":false},"excerpt":{"rendered":"<p>Revise su receta antes de diligenciarla y aseg\u00farese de que es la correcta. F\u00edjese en el nombre, la dosis y cu\u00e1ndo y con qu\u00e9 frecuencia el m\u00e9dico le indica tomar el medicamento. Revise las recetas con su m\u00e9dico, enfermera, o farmac\u00e9utico para asegurarse de que los dos est\u00e1n leyendo la misma etiqueta.&hellip; <a class=\"read-more\" href=\"http:\/\/www.myheartguide.org\/es\/medicines-2\/\">Read More<\/a><\/p>\n","protected":false},"author":1,"featured_media":0,"parent":0,"menu_order":0,"comment_status":"open","ping_status":"open","template":"page-medicines.php","meta":{"_acf_changed":false,"footnotes":""},"class_list":["post-183","page","type-page","status-publish","hentry"],"acf":[],"jetpack_sharing_enabled":true,"_links":{"self":[{"href":"http:\/\/www.myheartguide.org\/es\/wp-json\/wp\/v2\/pages\/183","targetHints":{"allow":["GET"]}}],"collection":[{"href":"http:\/\/www.myheartguide.org\/es\/wp-json\/wp\/v2\/pages"}],"about":[{"href":"http:\/\/www.myheartguide.org\/es\/wp-json\/wp\/v2\/types\/page"}],"author":[{"embeddable":true,"href":"http:\/\/www.myheartguide.org\/es\/wp-json\/wp\/v2\/users\/1"}],"replies":[{"embeddable":true,"href":"http:\/\/www.myheartguide.org\/es\/wp-json\/wp\/v2\/comments?post=183"}],"version-history":[{"count":10,"href":"http:\/\/www.myheartguide.org\/es\/wp-json\/wp\/v2\/pages\/183\/revisions"}],"predecessor-version":[{"id":451,"href":"http:\/\/www.myheartguide.org\/es\/wp-json\/wp\/v2\/pages\/183\/revisions\/451"}],"wp:attachment":[{"href":"http:\/\/www.myheartguide.org\/es\/wp-json\/wp\/v2\/media?parent=183"}],"curies":[{"name":"wp","href":"https:\/\/api.w.org\/{rel}","templated":true}]}}