{"id":138,"date":"2015-06-08T14:55:57","date_gmt":"2015-06-08T14:55:57","guid":{"rendered":"http:\/\/www.myheartguide.org\/es\/?page_id=138"},"modified":"2015-10-28T15:25:16","modified_gmt":"2015-10-28T15:25:16","slug":"lifestyle-and-risk-factors-3","status":"publish","type":"page","link":"http:\/\/www.myheartguide.org\/es\/lifestyle-and-risk-factors-3\/","title":{"rendered":"Estilo de vida y Factores de Riesgo &#8211; pg. 3"},"content":{"rendered":"","protected":false},"excerpt":{"rendered":"<p>La presi\u00f3n arterial se refiere a la cantidad de fuerza que su coraz\u00f3n tiene que ejercer para bombear sangre a trav\u00e9s de las arterias. Si las arterias se obstruyen, se estrechan, o se da\u00f1an de otra manera, el coraz\u00f3n tiene que ejercer m\u00e1s fuerza para bombear la sangre que su cuerpo necesita.&hellip; <a class=\"read-more\" href=\"http:\/\/www.myheartguide.org\/es\/lifestyle-and-risk-factors-3\/\">Read More<\/a><\/p>\n","protected":false},"author":1,"featured_media":0,"parent":0,"menu_order":0,"comment_status":"open","ping_status":"open","template":"page-lifestyle-and-risk-factors.php","meta":{"_acf_changed":false,"footnotes":""},"class_list":["post-138","page","type-page","status-publish","hentry"],"acf":[],"jetpack_sharing_enabled":true,"_links":{"self":[{"href":"http:\/\/www.myheartguide.org\/es\/wp-json\/wp\/v2\/pages\/138","targetHints":{"allow":["GET"]}}],"collection":[{"href":"http:\/\/www.myheartguide.org\/es\/wp-json\/wp\/v2\/pages"}],"about":[{"href":"http:\/\/www.myheartguide.org\/es\/wp-json\/wp\/v2\/types\/page"}],"author":[{"embeddable":true,"href":"http:\/\/www.myheartguide.org\/es\/wp-json\/wp\/v2\/users\/1"}],"replies":[{"embeddable":true,"href":"http:\/\/www.myheartguide.org\/es\/wp-json\/wp\/v2\/comments?post=138"}],"version-history":[{"count":10,"href":"http:\/\/www.myheartguide.org\/es\/wp-json\/wp\/v2\/pages\/138\/revisions"}],"predecessor-version":[{"id":448,"href":"http:\/\/www.myheartguide.org\/es\/wp-json\/wp\/v2\/pages\/138\/revisions\/448"}],"wp:attachment":[{"href":"http:\/\/www.myheartguide.org\/es\/wp-json\/wp\/v2\/media?parent=138"}],"curies":[{"name":"wp","href":"https:\/\/api.w.org\/{rel}","templated":true}]}}